{"id":8,"date":"2025-03-07T20:04:55","date_gmt":"2025-03-07T20:04:55","guid":{"rendered":"https:\/\/amanomtl.reddogweb.ca\/home\/"},"modified":"2025-03-17T14:47:00","modified_gmt":"2025-03-17T18:47:00","slug":"home","status":"publish","type":"page","link":"https:\/\/amanomtl.reddogweb.ca\/fr\/","title":{"rendered":"Home"},"content":{"rendered":"<div data-elementor-type=\"wp-page\" data-elementor-id=\"8\" class=\"elementor elementor-8\" data-elementor-post-type=\"page\">\n\t\t\t\t\t\t<section class=\"elementor-section elementor-top-section elementor-element elementor-element-48365f9 elementor-section-full_width elementor-section-height-min-height elementor-section-height-default elementor-section-items-middle elementor-invisible\" data-id=\"48365f9\" data-element_type=\"section\" data-settings=\"{&quot;background_background&quot;:&quot;slideshow&quot;,&quot;background_slideshow_gallery&quot;:[{&quot;id&quot;:817,&quot;url&quot;:&quot;https:\\\/\\\/amanomtl.reddogweb.ca\\\/wp-content\\\/uploads\\\/2025\\\/03\\\/margerita-pink.jpg&quot;},{&quot;id&quot;:816,&quot;url&quot;:&quot;https:\\\/\\\/amanomtl.reddogweb.ca\\\/wp-content\\\/uploads\\\/2025\\\/03\\\/margerita.jpg&quot;},{&quot;id&quot;:815,&quot;url&quot;:&quot;https:\\\/\\\/amanomtl.reddogweb.ca\\\/wp-content\\\/uploads\\\/2025\\\/03\\\/pep-pink.jpg&quot;},{&quot;id&quot;:814,&quot;url&quot;:&quot;https:\\\/\\\/amanomtl.reddogweb.ca\\\/wp-content\\\/uploads\\\/2025\\\/03\\\/pep.jpg&quot;},{&quot;id&quot;:813,&quot;url&quot;:&quot;https:\\\/\\\/amanomtl.reddogweb.ca\\\/wp-content\\\/uploads\\\/2025\\\/03\\\/truffle-pink.jpg&quot;},{&quot;id&quot;:812,&quot;url&quot;:&quot;https:\\\/\\\/amanomtl.reddogweb.ca\\\/wp-content\\\/uploads\\\/2025\\\/03\\\/truffle.jpg&quot;}],&quot;background_slideshow_slide_duration&quot;:2000,&quot;background_slideshow_slide_transition&quot;:&quot;slide_left&quot;,&quot;background_slideshow_transition_duration&quot;:1500,&quot;animation&quot;:&quot;bounceInRight&quot;,&quot;background_slideshow_loop&quot;:&quot;yes&quot;}\">\n\t\t\t\t\t\t\t<div class=\"elementor-background-overlay\"><\/div>\n\t\t\t\t\t\t\t<div class=\"elementor-container elementor-column-gap-no\">\n\t\t\t\t\t<div class=\"elementor-column elementor-col-100 elementor-top-column elementor-element elementor-element-6172214\" data-id=\"6172214\" data-element_type=\"column\">\n\t\t\t<div class=\"elementor-widget-wrap elementor-element-populated\">\n\t\t\t\t\t\t<div class=\"elementor-element elementor-element-da06216 elementor-widget elementor-widget-image-box\" data-id=\"da06216\" data-element_type=\"widget\" data-widget_type=\"image-box.default\">\n\t\t\t\t<div class=\"elementor-widget-container\">\n\t\t\t\t\t<div class=\"elementor-image-box-wrapper\"><div class=\"elementor-image-box-content\"><h1 class=\"elementor-image-box-title\">LA PERFECTION DE LA PIZZA \u00c0 LA MAIN<\/h1><\/div><\/div>\t\t\t\t<\/div>\n\t\t\t\t<\/div>\n\t\t\t\t\t<\/div>\n\t\t<\/div>\n\t\t\t\t\t<\/div>\n\t\t<\/section>\n\t\t\t\t<section class=\"elementor-section elementor-top-section elementor-element elementor-element-6b505c9 elementor-section-full_width elementor-section-height-default elementor-section-height-default\" data-id=\"6b505c9\" data-element_type=\"section\">\n\t\t\t\t\t\t<div class=\"elementor-container elementor-column-gap-no\">\n\t\t\t\t\t<div class=\"elementor-column elementor-col-100 elementor-top-column elementor-element elementor-element-93f6bc7\" data-id=\"93f6bc7\" data-element_type=\"column\">\n\t\t\t<div class=\"elementor-widget-wrap elementor-element-populated\">\n\t\t\t\t\t\t<section class=\"elementor-section elementor-inner-section elementor-element elementor-element-15cd07d elementor-section-full_width elementor-section-height-default elementor-section-height-default\" data-id=\"15cd07d\" data-element_type=\"section\">\n\t\t\t\t\t\t<div class=\"elementor-container elementor-column-gap-no\">\n\t\t\t\t\t<div class=\"elementor-column elementor-col-100 elementor-inner-column elementor-element elementor-element-ac00345\" data-id=\"ac00345\" data-element_type=\"column\">\n\t\t\t<div class=\"elementor-widget-wrap elementor-element-populated\">\n\t\t\t\t\t\t<div class=\"elementor-element elementor-element-56d3bbf elementor-widget elementor-widget-heading\" data-id=\"56d3bbf\" data-element_type=\"widget\" data-widget_type=\"heading.default\">\n\t\t\t\t<div class=\"elementor-widget-container\">\n\t\t\t\t\t<h2 class=\"elementor-heading-title elementor-size-default\">Histoire de la marque<\/h2>\t\t\t\t<\/div>\n\t\t\t\t<\/div>\n\t\t\t\t<div class=\"elementor-element elementor-element-92f66d0 elementor-widget elementor-widget-text-editor\" data-id=\"92f66d0\" data-element_type=\"widget\" data-widget_type=\"text-editor.default\">\n\t\t\t\t<div class=\"elementor-widget-container\">\n\t\t\t\t\t\t\t\t\t<p>L'histoire d'A\u2022MANO est une histoire de passion et d'authenticit\u00e9. C'est une v\u00e9ritable histoire d'amour avec l'art de la pizza, o\u00f9 chaque \u00e9l\u00e9ment, de la p\u00e2te aux garnitures, est pr\u00e9par\u00e9 avec le plus grand soin.<br \/>S'inspirant de l'expression italienne \u00ab \u00e0 la main \u00bb (\u00ab a mano \u00bb), A\u2022MANO a \u00e9t\u00e9 fond\u00e9e sur le principe de pr\u00e9server et de mettre \u00e0 l'honneur la tradition de la fabrication artisanale de pizzas. La p\u00e2te est p\u00e9trie \u00e0 la main avec soin et laiss\u00e9e \u00e0 lever naturellement, ce qui donne une cro\u00fbte l\u00e9g\u00e8re et a\u00e9r\u00e9e.<\/p><p>A\u2022MANO est bien plus qu'une simple marque de pizzas ; c'est un hommage aux riches traditions et \u00e0 la qu\u00eate incessante de la perfection qui caract\u00e9risent l'art de la pizza italienne. \u00c0 chaque part, nous vous invitons \u00e0 savourer un petit bout d'Italie, confectionn\u00e9 \u00e0 la main avec amour, dans le respect de la tradition et avec un souci constant de la saveur. A\u2022MANO est une marque qui vous emm\u00e8ne dans un voyage culinaire au c\u0153ur de l'Italie, c\u00e9l\u00e9brant la beaut\u00e9 de la pizza faite \u00e0 la main.<\/p>\t\t\t\t\t\t\t\t<\/div>\n\t\t\t\t<\/div>\n\t\t\t\t\t<\/div>\n\t\t<\/div>\n\t\t\t\t\t<\/div>\n\t\t<\/section>\n\t\t\t\t\t<\/div>\n\t\t<\/div>\n\t\t\t\t\t<\/div>\n\t\t<\/section>\n\t\t<div class=\"elementor-element elementor-element-4d0e89a e-con-full e-flex e-con e-parent\" data-id=\"4d0e89a\" data-element_type=\"container\" data-settings=\"{&quot;background_background&quot;:&quot;classic&quot;}\">\n\t\t<div class=\"elementor-element elementor-element-ba4fbc8 e-con-full e-flex e-con e-child\" data-id=\"ba4fbc8\" data-element_type=\"container\">\n\t\t\t\t<div class=\"elementor-element elementor-element-1eb91ba elementor-widget-divider--view-line elementor-widget elementor-widget-divider\" data-id=\"1eb91ba\" data-element_type=\"widget\" data-widget_type=\"divider.default\">\n\t\t\t\t<div class=\"elementor-widget-container\">\n\t\t\t\t\t\t\t<div class=\"elementor-divider\">\n\t\t\t<span class=\"elementor-divider-separator\">\n\t\t\t\t\t\t<\/span>\n\t\t<\/div>\n\t\t\t\t\t\t<\/div>\n\t\t\t\t<\/div>\n\t\t\t\t<div class=\"elementor-element elementor-element-1c0fa03 elementor-widget elementor-widget-image-box\" data-id=\"1c0fa03\" data-element_type=\"widget\" data-widget_type=\"image-box.default\">\n\t\t\t\t<div class=\"elementor-widget-container\">\n\t\t\t\t\t<div class=\"elementor-image-box-wrapper\"><div class=\"elementor-image-box-content\"><h2 class=\"elementor-image-box-title\">O\u00f9 nous trouver<\/h2><\/div><\/div>\t\t\t\t<\/div>\n\t\t\t\t<\/div>\n\t\t<div class=\"elementor-element elementor-element-6609745 e-con-full e-grid e-con e-child\" data-id=\"6609745\" data-element_type=\"container\">\n\t\t\t\t<div class=\"elementor-element elementor-element-b9c4aac elementor-widget elementor-widget-image\" data-id=\"b9c4aac\" data-element_type=\"widget\" data-widget_type=\"image.default\">\n\t\t\t\t<div class=\"elementor-widget-container\">\n\t\t\t\t\t\t\t\t\t\t\t\t\t\t\t<img fetchpriority=\"high\" decoding=\"async\" width=\"574\" height=\"574\" src=\"https:\/\/amanomtl.reddogweb.ca\/wp-content\/uploads\/2025\/03\/la-bullerie.png\" class=\"attachment-full size-full wp-image-883\" alt=\"\" srcset=\"https:\/\/amanomtl.reddogweb.ca\/wp-content\/uploads\/2025\/03\/la-bullerie.png 574w, https:\/\/amanomtl.reddogweb.ca\/wp-content\/uploads\/2025\/03\/la-bullerie-300x300.png 300w, https:\/\/amanomtl.reddogweb.ca\/wp-content\/uploads\/2025\/03\/la-bullerie-150x150.png 150w, https:\/\/amanomtl.reddogweb.ca\/wp-content\/uploads\/2025\/03\/la-bullerie-12x12.png 12w\" sizes=\"(max-width: 574px) 100vw, 574px\" \/>\t\t\t\t\t\t\t\t\t\t\t\t\t\t\t<\/div>\n\t\t\t\t<\/div>\n\t\t\t\t<div class=\"elementor-element elementor-element-da43f50 elementor-widget elementor-widget-image\" data-id=\"da43f50\" data-element_type=\"widget\" data-widget_type=\"image.default\">\n\t\t\t\t<div class=\"elementor-widget-container\">\n\t\t\t\t\t\t\t\t\t\t\t\t\t\t\t<img decoding=\"async\" width=\"612\" height=\"612\" src=\"https:\/\/amanomtl.reddogweb.ca\/wp-content\/uploads\/2025\/03\/prima-goccia.png\" class=\"attachment-full size-full wp-image-884\" alt=\"\" srcset=\"https:\/\/amanomtl.reddogweb.ca\/wp-content\/uploads\/2025\/03\/prima-goccia.png 612w, https:\/\/amanomtl.reddogweb.ca\/wp-content\/uploads\/2025\/03\/prima-goccia-300x300.png 300w, https:\/\/amanomtl.reddogweb.ca\/wp-content\/uploads\/2025\/03\/prima-goccia-150x150.png 150w, https:\/\/amanomtl.reddogweb.ca\/wp-content\/uploads\/2025\/03\/prima-goccia-12x12.png 12w\" sizes=\"(max-width: 612px) 100vw, 612px\" \/>\t\t\t\t\t\t\t\t\t\t\t\t\t\t\t<\/div>\n\t\t\t\t<\/div>\n\t\t\t\t<div class=\"elementor-element elementor-element-e20cea1 elementor-widget elementor-widget-image\" data-id=\"e20cea1\" data-element_type=\"widget\" data-widget_type=\"image.default\">\n\t\t\t\t<div class=\"elementor-widget-container\">\n\t\t\t\t\t\t\t\t\t\t\t\t\t\t\t<img decoding=\"async\" width=\"590\" height=\"590\" src=\"https:\/\/amanomtl.reddogweb.ca\/wp-content\/uploads\/2025\/03\/st-viateur.png\" class=\"attachment-full size-full wp-image-886\" alt=\"\" srcset=\"https:\/\/amanomtl.reddogweb.ca\/wp-content\/uploads\/2025\/03\/st-viateur.png 590w, https:\/\/amanomtl.reddogweb.ca\/wp-content\/uploads\/2025\/03\/st-viateur-300x300.png 300w, https:\/\/amanomtl.reddogweb.ca\/wp-content\/uploads\/2025\/03\/st-viateur-150x150.png 150w, https:\/\/amanomtl.reddogweb.ca\/wp-content\/uploads\/2025\/03\/st-viateur-12x12.png 12w\" sizes=\"(max-width: 590px) 100vw, 590px\" \/>\t\t\t\t\t\t\t\t\t\t\t\t\t\t\t<\/div>\n\t\t\t\t<\/div>\n\t\t\t\t<div class=\"elementor-element elementor-element-c913ebc elementor-widget elementor-widget-image\" data-id=\"c913ebc\" data-element_type=\"widget\" data-widget_type=\"image.default\">\n\t\t\t\t<div class=\"elementor-widget-container\">\n\t\t\t\t\t\t\t\t\t\t\t\t\t\t\t<img loading=\"lazy\" decoding=\"async\" width=\"593\" height=\"593\" src=\"https:\/\/amanomtl.reddogweb.ca\/wp-content\/uploads\/2025\/03\/euro-marche.png\" class=\"attachment-full size-full wp-image-885\" alt=\"\" srcset=\"https:\/\/amanomtl.reddogweb.ca\/wp-content\/uploads\/2025\/03\/euro-marche.png 593w, https:\/\/amanomtl.reddogweb.ca\/wp-content\/uploads\/2025\/03\/euro-marche-300x300.png 300w, https:\/\/amanomtl.reddogweb.ca\/wp-content\/uploads\/2025\/03\/euro-marche-150x150.png 150w, https:\/\/amanomtl.reddogweb.ca\/wp-content\/uploads\/2025\/03\/euro-marche-12x12.png 12w\" sizes=\"(max-width: 593px) 100vw, 593px\" \/>\t\t\t\t\t\t\t\t\t\t\t\t\t\t\t<\/div>\n\t\t\t\t<\/div>\n\t\t\t\t<\/div>\n\t\t\t\t<\/div>\n\t\t\t\t<\/div>\n\t\t\t\t<\/div>","protected":false},"excerpt":{"rendered":"<p>CRAFTING PIZZA PERFECTION BY HAND Brand Story The story of A\u2022MANO is one of passion and authenticity. It\u2019s a love affair with the art of pizza-making, where every element, from dough to toppings, is expertly crafted.Drawing inspiration from the Italian phrase \u201cby hand\u201d (\u201ca mano\u201d), A\u2022MANO was founded on the principle of preserving and celebrating [&hellip;]<\/p>","protected":false},"author":1,"featured_media":0,"parent":0,"menu_order":0,"comment_status":"closed","ping_status":"closed","template":"","meta":{"site-sidebar-layout":"no-sidebar","site-content-layout":"page-builder","ast-site-content-layout":"","site-content-style":"default","site-sidebar-style":"default","ast-global-header-display":"","ast-banner-title-visibility":"","ast-main-header-display":"","ast-hfb-above-header-display":"","ast-hfb-below-header-display":"","ast-hfb-mobile-header-display":"","site-post-title":"disabled","ast-breadcrumbs-content":"","ast-featured-img":"disabled","footer-sml-layout":"","theme-transparent-header-meta":"","adv-header-id-meta":"","stick-header-meta":"","header-above-stick-meta":"","header-main-stick-meta":"","header-below-stick-meta":"","astra-migrate-meta-layouts":"default","ast-page-background-enabled":"default","ast-page-background-meta":{"desktop":{"background-color":"var(--ast-global-color-4)","background-image":"","background-repeat":"repeat","background-position":"center center","background-size":"auto","background-attachment":"scroll","background-type":"","background-media":"","overlay-type":"","overlay-color":"","overlay-opacity":"","overlay-gradient":""},"tablet":{"background-color":"","background-image":"","background-repeat":"repeat","background-position":"center center","background-size":"auto","background-attachment":"scroll","background-type":"","background-media":"","overlay-type":"","overlay-color":"","overlay-opacity":"","overlay-gradient":""},"mobile":{"background-color":"","background-image":"","background-repeat":"repeat","background-position":"center center","background-size":"auto","background-attachment":"scroll","background-type":"","background-media":"","overlay-type":"","overlay-color":"","overlay-opacity":"","overlay-gradient":""}},"ast-content-background-meta":{"desktop":{"background-color":"var(--ast-global-color-5)","background-image":"","background-repeat":"repeat","background-position":"center center","background-size":"auto","background-attachment":"scroll","background-type":"","background-media":"","overlay-type":"","overlay-color":"","overlay-opacity":"","overlay-gradient":""},"tablet":{"background-color":"var(--ast-global-color-5)","background-image":"","background-repeat":"repeat","background-position":"center center","background-size":"auto","background-attachment":"scroll","background-type":"","background-media":"","overlay-type":"","overlay-color":"","overlay-opacity":"","overlay-gradient":""},"mobile":{"background-color":"var(--ast-global-color-5)","background-image":"","background-repeat":"repeat","background-position":"center center","background-size":"auto","background-attachment":"scroll","background-type":"","background-media":"","overlay-type":"","overlay-color":"","overlay-opacity":"","overlay-gradient":""}},"footnotes":""},"class_list":["post-8","page","type-page","status-publish","hentry"],"_links":{"self":[{"href":"https:\/\/amanomtl.reddogweb.ca\/fr\/wp-json\/wp\/v2\/pages\/8","targetHints":{"allow":["GET"]}}],"collection":[{"href":"https:\/\/amanomtl.reddogweb.ca\/fr\/wp-json\/wp\/v2\/pages"}],"about":[{"href":"https:\/\/amanomtl.reddogweb.ca\/fr\/wp-json\/wp\/v2\/types\/page"}],"author":[{"embeddable":true,"href":"https:\/\/amanomtl.reddogweb.ca\/fr\/wp-json\/wp\/v2\/users\/1"}],"replies":[{"embeddable":true,"href":"https:\/\/amanomtl.reddogweb.ca\/fr\/wp-json\/wp\/v2\/comments?post=8"}],"version-history":[{"count":78,"href":"https:\/\/amanomtl.reddogweb.ca\/fr\/wp-json\/wp\/v2\/pages\/8\/revisions"}],"predecessor-version":[{"id":839,"href":"https:\/\/amanomtl.reddogweb.ca\/fr\/wp-json\/wp\/v2\/pages\/8\/revisions\/839"}],"wp:attachment":[{"href":"https:\/\/amanomtl.reddogweb.ca\/fr\/wp-json\/wp\/v2\/media?parent=8"}],"curies":[{"name":"wp","href":"https:\/\/api.w.org\/{rel}","templated":true}]}}